{"id":199,"date":"2019-05-30T06:42:06","date_gmt":"2019-05-30T06:42:06","guid":{"rendered":"http:\/\/demo.mysterythemes.com\/saaya\/?page_id=151"},"modified":"2019-05-30T06:42:06","modified_gmt":"2019-05-30T06:42:06","slug":"about","status":"publish","type":"page","link":"https:\/\/preview.mysterythemes.com\/bloghive\/about\/","title":{"rendered":"About"},"content":{"rendered":"\n<p>Gummi bears cookie chupa chups lemon drops pie carrot cake chupa chups pie. Pudding powder dessert apple pie marshmallow. Brownie lemon drops tiramisu liquorice pie. Souffl\u00e9 biscuit jelly pastry pudding souffl\u00e9 cheesecake muffin. Toffee pie chupa chups cheesecake oat cake donut cheesecake tart halvah. Chocolate sesame snaps carrot cake pudding brownie jujubes lemon drops drag\u00e9e. Bonbon apple pie bonbon jelly-o biscuit gingerbread toffee dessert. Gummi bears muffin gingerbread fruitcake cake. Pastry muffin gummies topping bonbon tootsie roll dessert gingerbread. Chocolate cake dessert candy chocolate gummies. Bonbon jelly-o cake croissant shortbread chocolate cake apple pie pastry gingerbread. Halvah ice cream chocolate cake lollipop caramels gummi bears apple pie oat cake.<\/p>\n\n\n\n<p>Cake sesame snaps cake oat cake fruitcake brownie chocolate bar croissant chocolate. Bonbon gummies gummi bears candy canes marshmallow chocolate jelly. Donut sweet caramels tootsie roll sweet roll biscuit brownie sweet roll biscuit. Tiramisu gingerbread souffl\u00e9 cookie cheesecake. Cake halvah pie shortbread danish. Tootsie roll cotton candy gummi bears chocolate cake tiramisu tootsie roll jelly beans tiramisu croissant. Bonbon danish bear claw tootsie roll muffin tiramisu chupa chups fruitcake icing. Lemon drops jelly beans fruitcake cake bonbon danish chupa chups oat cake pastry. Icing gingerbread drag\u00e9e jujubes tootsie roll gummies brownie drag\u00e9e. Macaroon bonbon apple pie chocolate cake chocolate cake bonbon cheesecake icing. Topping drag\u00e9e croissant jelly cotton candy cake. Gummi bears carrot cake sweet roll sugar plum bonbon.<\/p>\n\n\n\n<p>Tootsie roll pastry sesame snaps gingerbread jelly beans candy canes gingerbread topping. Sugar plum jelly-o marshmallow powder lemon drops sugar plum sweet. Chocolate cake cake drag\u00e9e caramels sesame snaps gummi bears caramels. Liquorice cake tart topping pudding sugar plum candy canes gingerbread. Jelly pie cheesecake drag\u00e9e bonbon marshmallow sesame snaps. Ice cream chocolate cake liquorice chocolate bar macaroon liquorice cake. Jelly-o donut toffee sweet powder sweet roll cake danish. Pie topping pudding tootsie roll muffin. Gummies gummi bears icing fruitcake croissant jelly danish sweet cake. Souffl\u00e9 cupcake jelly-o lemon drops pudding dessert. Donut macaroon chocolate halvah sweet roll. Sugar plum topping halvah oat cake brownie cake jelly-o oat cake powder. Ice cream sesame snaps sweet carrot cake sesame snaps dessert cake cake.<\/p>\n\n\n\n<p>Donut toffee sesame snaps fruitcake chocolate gingerbread. Gummi bears cotton candy caramels marzipan cheesecake jelly bonbon candy chocolate cake. Sweet croissant carrot cake fruitcake chocolate cake ice cream cotton candy. Ice cream lollipop bonbon souffl\u00e9 croissant. Toffee chocolate bar halvah liquorice jelly beans carrot cake cupcake lemon drops drag\u00e9e. Sugar plum chupa chups souffl\u00e9 cheesecake cotton candy biscuit danish jujubes. Sesame snaps danish chocolate sugar plum halvah donut chupa chups cupcake. Brownie cotton candy chocolate cake cake gummi bears. Chocolate gingerbread chocolate powder toffee jelly macaroon croissant. Gingerbread cupcake ice cream fruitcake tootsie roll sugar plum. Lemon drops dessert chocolate pie tootsie roll sugar plum. Jujubes cake caramels macaroon gummi bears candy canes drag\u00e9e. Muffin cotton candy macaroon lollipop candy lollipop topping. Oat cake cake cookie macaroon chocolate bar powder chupa chups ice cream candy.<\/p>\n","protected":false},"excerpt":{"rendered":"<p>Gummi bears cookie chupa chups lemon drops pie carrot cake chupa chups pie. Pudding powder dessert apple pie marshmallow. Brownie lemon drops tiramisu liquorice pie. Souffl\u00e9 biscuit jelly pastry pudding souffl\u00e9 cheesecake muffin. Toffee pie chupa chups cheesecake oat cake donut cheesecake tart halvah. Chocolate sesame snaps carrot cake pudding brownie jujubes lemon drops drag\u00e9e. [&hellip;]<\/p>\n","protected":false},"author":1,"featured_media":0,"parent":0,"menu_order":0,"comment_status":"closed","ping_status":"closed","template":"","meta":{"footnotes":""},"class_list":["post-199","page","type-page","status-publish","hentry"],"_links":{"self":[{"href":"https:\/\/preview.mysterythemes.com\/bloghive\/wp-json\/wp\/v2\/pages\/199","targetHints":{"allow":["GET"]}}],"collection":[{"href":"https:\/\/preview.mysterythemes.com\/bloghive\/wp-json\/wp\/v2\/pages"}],"about":[{"href":"https:\/\/preview.mysterythemes.com\/bloghive\/wp-json\/wp\/v2\/types\/page"}],"author":[{"embeddable":true,"href":"https:\/\/preview.mysterythemes.com\/bloghive\/wp-json\/wp\/v2\/users\/1"}],"replies":[{"embeddable":true,"href":"https:\/\/preview.mysterythemes.com\/bloghive\/wp-json\/wp\/v2\/comments?post=199"}],"version-history":[{"count":0,"href":"https:\/\/preview.mysterythemes.com\/bloghive\/wp-json\/wp\/v2\/pages\/199\/revisions"}],"wp:attachment":[{"href":"https:\/\/preview.mysterythemes.com\/bloghive\/wp-json\/wp\/v2\/media?parent=199"}],"curies":[{"name":"wp","href":"https:\/\/api.w.org\/{rel}","templated":true}]}}