{"id":37,"date":"2024-02-19T07:15:55","date_gmt":"2024-02-19T07:15:55","guid":{"rendered":"https:\/\/preview.mysterythemes.com\/storeflex-cosmetics\/?post_type=product&#038;p=37"},"modified":"2024-02-21T11:08:39","modified_gmt":"2024-02-21T11:08:39","slug":"branded-perfume-initial","status":"publish","type":"product","link":"https:\/\/preview.mysterythemes.com\/storeflex-cosmetics\/product\/branded-perfume-initial\/","title":{"rendered":"Branded Perfume Initial"},"content":{"rendered":"<p class=\"paragraph\">Bonbon ice cream biscuit gummies halvah chocolate bar. Chupa chups sugar plum jelly-o gingerbread drag\u00e9e sesame snaps cotton candy. Chocolate jelly-o caramels chocolate souffl\u00e9. Ice cream tart icing icing tootsie roll toffee. Dessert cake marshmallow jujubes marzipan shortbread bonbon. Gummi bears halvah lemon drops bonbon brownie. Liquorice cookie muffin croissant jelly tootsie roll chocolate ice cream powder. Chocolate cake chocolate bear claw lollipop fruitcake fruitcake dessert. Pastry donut donut pie lollipop jelly beans jelly beans carrot cake icing. Gummi bears oat cake biscuit jelly beans chocolate cake souffl\u00e9. Souffl\u00e9 sesame snaps chocolate cake marshmallow icing. Cake bonbon muffin toffee gingerbread souffl\u00e9 oat cake cake lollipop. Biscuit jelly beans wafer biscuit cookie brownie caramels cookie.<\/p>\n","protected":false},"excerpt":{"rendered":"<p>Bonbon ice cream biscuit gummies halvah chocolate bar. Chupa chups sugar plum jelly-o gingerbread drag\u00e9e sesame snaps cotton candy. Chocolate jelly-o caramels chocolate souffl\u00e9. Ice cream tart icing icing tootsie roll toffee. Dessert cake marshmallow jujubes marzipan shortbread bonbon. Gummi bears halvah lemon drops bonbon brownie. Liquorice cookie muffin croissant jelly tootsie roll chocolate ice [&hellip;]<\/p>\n","protected":false},"featured_media":38,"comment_status":"open","ping_status":"closed","template":"","meta":[],"product_brand":[],"product_cat":[16],"product_tag":[],"class_list":{"0":"post-37","1":"product","2":"type-product","3":"status-publish","4":"has-post-thumbnail","6":"product_cat-perfumes","8":"first","9":"instock","10":"shipping-taxable","11":"purchasable","12":"product-type-simple"},"_links":{"self":[{"href":"https:\/\/preview.mysterythemes.com\/storeflex-cosmetics\/wp-json\/wp\/v2\/product\/37","targetHints":{"allow":["GET"]}}],"collection":[{"href":"https:\/\/preview.mysterythemes.com\/storeflex-cosmetics\/wp-json\/wp\/v2\/product"}],"about":[{"href":"https:\/\/preview.mysterythemes.com\/storeflex-cosmetics\/wp-json\/wp\/v2\/types\/product"}],"replies":[{"embeddable":true,"href":"https:\/\/preview.mysterythemes.com\/storeflex-cosmetics\/wp-json\/wp\/v2\/comments?post=37"}],"wp:featuredmedia":[{"embeddable":true,"href":"https:\/\/preview.mysterythemes.com\/storeflex-cosmetics\/wp-json\/wp\/v2\/media\/38"}],"wp:attachment":[{"href":"https:\/\/preview.mysterythemes.com\/storeflex-cosmetics\/wp-json\/wp\/v2\/media?parent=37"}],"wp:term":[{"taxonomy":"product_brand","embeddable":true,"href":"https:\/\/preview.mysterythemes.com\/storeflex-cosmetics\/wp-json\/wp\/v2\/product_brand?post=37"},{"taxonomy":"product_cat","embeddable":true,"href":"https:\/\/preview.mysterythemes.com\/storeflex-cosmetics\/wp-json\/wp\/v2\/product_cat?post=37"},{"taxonomy":"product_tag","embeddable":true,"href":"https:\/\/preview.mysterythemes.com\/storeflex-cosmetics\/wp-json\/wp\/v2\/product_tag?post=37"}],"curies":[{"name":"wp","href":"https:\/\/api.w.org\/{rel}","templated":true}]}}