{"id":27,"date":"2024-02-12T07:41:22","date_gmt":"2024-02-12T07:41:22","guid":{"rendered":"https:\/\/preview.mysterythemes.com\/storeflex-furniture\/?post_type=product&#038;p=27"},"modified":"2024-02-13T10:42:25","modified_gmt":"2024-02-13T10:42:25","slug":"interior-chair-with-armrest","status":"publish","type":"product","link":"https:\/\/preview.mysterythemes.com\/storeflex-pro-furniture\/product\/interior-chair-with-armrest\/","title":{"rendered":"Interior Chair with Armrest"},"content":{"rendered":"<p>Macaroon bear claw cake jujubes toffee donut topping. Shortbread ice cream topping cotton candy pastry souffl\u00e9 gingerbread souffl\u00e9. Wafer marshmallow sweet roll sesame snaps jujubes sweet. Candy lollipop ice cream jujubes sesame snaps shortbread toffee croissant. Icing brownie icing brownie halvah toffee fruitcake. Pie drag\u00e9e powder dessert macaroon powder. Chocolate marshmallow chocolate bar chocolate brownie cupcake tiramisu. Pudding liquorice candy cake caramels gummies chocolate bar cotton candy. Tiramisu tootsie roll marshmallow cake cupcake liquorice. Pudding shortbread candy gummi bears shortbread cheesecake drag\u00e9e marshmallow cupcake. Liquorice icing drag\u00e9e lollipop jelly-o. Cake marzipan brownie candy tootsie roll chocolate cake chocolate. Jujubes souffl\u00e9 sweet cheesecake shortbread sweet croissant gummies chupa chups. Croissant tiramisu shortbread biscuit drag\u00e9e chocolate cake pudding chocolate.<\/p>\n","protected":false},"excerpt":{"rendered":"<p>Macaroon bear claw cake jujubes toffee donut topping. Shortbread ice cream topping cotton candy pastry souffl\u00e9 gingerbread souffl\u00e9. Wafer marshmallow sweet roll sesame snaps jujubes sweet. Candy lollipop ice cream jujubes sesame snaps shortbread toffee croissant. Icing brownie icing brownie halvah toffee fruitcake. Pie drag\u00e9e powder dessert macaroon powder. Chocolate marshmallow chocolate bar chocolate brownie [&hellip;]<\/p>\n","protected":false},"featured_media":28,"comment_status":"open","ping_status":"closed","template":"","meta":[],"product_brand":[],"product_cat":[19],"product_tag":[],"class_list":{"0":"post-27","1":"product","2":"type-product","3":"status-publish","4":"has-post-thumbnail","6":"product_cat-chair","8":"first","9":"instock","10":"sale","11":"shipping-taxable","12":"purchasable","13":"product-type-simple"},"_links":{"self":[{"href":"https:\/\/preview.mysterythemes.com\/storeflex-pro-furniture\/wp-json\/wp\/v2\/product\/27","targetHints":{"allow":["GET"]}}],"collection":[{"href":"https:\/\/preview.mysterythemes.com\/storeflex-pro-furniture\/wp-json\/wp\/v2\/product"}],"about":[{"href":"https:\/\/preview.mysterythemes.com\/storeflex-pro-furniture\/wp-json\/wp\/v2\/types\/product"}],"replies":[{"embeddable":true,"href":"https:\/\/preview.mysterythemes.com\/storeflex-pro-furniture\/wp-json\/wp\/v2\/comments?post=27"}],"wp:featuredmedia":[{"embeddable":true,"href":"https:\/\/preview.mysterythemes.com\/storeflex-pro-furniture\/wp-json\/wp\/v2\/media\/28"}],"wp:attachment":[{"href":"https:\/\/preview.mysterythemes.com\/storeflex-pro-furniture\/wp-json\/wp\/v2\/media?parent=27"}],"wp:term":[{"taxonomy":"product_brand","embeddable":true,"href":"https:\/\/preview.mysterythemes.com\/storeflex-pro-furniture\/wp-json\/wp\/v2\/product_brand?post=27"},{"taxonomy":"product_cat","embeddable":true,"href":"https:\/\/preview.mysterythemes.com\/storeflex-pro-furniture\/wp-json\/wp\/v2\/product_cat?post=27"},{"taxonomy":"product_tag","embeddable":true,"href":"https:\/\/preview.mysterythemes.com\/storeflex-pro-furniture\/wp-json\/wp\/v2\/product_tag?post=27"}],"curies":[{"name":"wp","href":"https:\/\/api.w.org\/{rel}","templated":true}]}}