{"id":37,"date":"2024-02-12T09:52:23","date_gmt":"2024-02-12T09:52:23","guid":{"rendered":"https:\/\/preview.mysterythemes.com\/storeflex-furniture\/?post_type=product&#038;p=37"},"modified":"2024-02-13T10:42:40","modified_gmt":"2024-02-13T10:42:40","slug":"stylish-wooden-table-and-chair","status":"publish","type":"product","link":"https:\/\/preview.mysterythemes.com\/storeflex-pro-furniture\/product\/stylish-wooden-table-and-chair\/","title":{"rendered":"Stylish Wooden Table and Chair"},"content":{"rendered":"<p class=\"paragraph\">Ice cream candy canes donut chocolate fruitcake souffl\u00e9 candy chocolate bar cake. Donut shortbread croissant lemon drops gummi bears gummi bears carrot cake topping sesame snaps. Sesame snaps brownie biscuit sugar plum tiramisu gummi bears shortbread jujubes. Carrot cake croissant lemon drops cake pudding shortbread cake biscuit. Sweet roll carrot cake chupa chups carrot cake sweet dessert. Cotton candy pastry marshmallow cupcake gingerbread icing chocolate cheesecake cupcake. Donut bear claw donut bear claw macaroon fruitcake sesame snaps bear claw lollipop. Sweet roll drag\u00e9e cotton candy tiramisu shortbread. Cheesecake drag\u00e9e sesame snaps macaroon pie pudding tiramisu jelly. Drag\u00e9e lollipop bear claw cookie tart shortbread. Chocolate cheesecake sweet roll croissant cookie oat cake. Chocolate cake candy canes candy pie chocolate cake fruitcake gummies brownie chocolate. Oat cake danish pie gummies caramels. Shortbread croissant cake halvah candy canes lollipop caramels fruitcake.<\/p>\n","protected":false},"excerpt":{"rendered":"<p>Ice cream candy canes donut chocolate fruitcake souffl\u00e9 candy chocolate bar cake. Donut shortbread croissant lemon drops gummi bears gummi bears carrot cake topping sesame snaps. Sesame snaps brownie biscuit sugar plum tiramisu gummi bears shortbread jujubes. Carrot cake croissant lemon drops cake pudding shortbread cake biscuit. Sweet roll carrot cake chupa chups carrot cake [&hellip;]<\/p>\n","protected":false},"featured_media":38,"comment_status":"open","ping_status":"closed","template":"","meta":[],"product_brand":[],"product_cat":[19,17],"product_tag":[],"class_list":{"0":"post-37","1":"product","2":"type-product","3":"status-publish","4":"has-post-thumbnail","6":"product_cat-chair","7":"product_cat-table","9":"first","10":"instock","11":"sale","12":"shipping-taxable","13":"purchasable","14":"product-type-simple"},"_links":{"self":[{"href":"https:\/\/preview.mysterythemes.com\/storeflex-pro-furniture\/wp-json\/wp\/v2\/product\/37","targetHints":{"allow":["GET"]}}],"collection":[{"href":"https:\/\/preview.mysterythemes.com\/storeflex-pro-furniture\/wp-json\/wp\/v2\/product"}],"about":[{"href":"https:\/\/preview.mysterythemes.com\/storeflex-pro-furniture\/wp-json\/wp\/v2\/types\/product"}],"replies":[{"embeddable":true,"href":"https:\/\/preview.mysterythemes.com\/storeflex-pro-furniture\/wp-json\/wp\/v2\/comments?post=37"}],"wp:featuredmedia":[{"embeddable":true,"href":"https:\/\/preview.mysterythemes.com\/storeflex-pro-furniture\/wp-json\/wp\/v2\/media\/38"}],"wp:attachment":[{"href":"https:\/\/preview.mysterythemes.com\/storeflex-pro-furniture\/wp-json\/wp\/v2\/media?parent=37"}],"wp:term":[{"taxonomy":"product_brand","embeddable":true,"href":"https:\/\/preview.mysterythemes.com\/storeflex-pro-furniture\/wp-json\/wp\/v2\/product_brand?post=37"},{"taxonomy":"product_cat","embeddable":true,"href":"https:\/\/preview.mysterythemes.com\/storeflex-pro-furniture\/wp-json\/wp\/v2\/product_cat?post=37"},{"taxonomy":"product_tag","embeddable":true,"href":"https:\/\/preview.mysterythemes.com\/storeflex-pro-furniture\/wp-json\/wp\/v2\/product_tag?post=37"}],"curies":[{"name":"wp","href":"https:\/\/api.w.org\/{rel}","templated":true}]}}