{"id":41,"date":"2024-02-12T10:01:10","date_gmt":"2024-02-12T10:01:10","guid":{"rendered":"https:\/\/preview.mysterythemes.com\/storeflex-furniture\/?post_type=product&#038;p=41"},"modified":"2024-02-13T10:41:30","modified_gmt":"2024-02-13T10:41:30","slug":"antique-table-lamp","status":"publish","type":"product","link":"https:\/\/preview.mysterythemes.com\/storeflex-pro-furniture\/product\/antique-table-lamp\/","title":{"rendered":"Antique Table Lamp"},"content":{"rendered":"<p>Cookie biscuit tart candy topping croissant cookie icing biscuit. Biscuit icing tootsie roll jujubes muffin sweet bear claw. Toffee muffin sweet roll chocolate cake toffee drag\u00e9e dessert pudding chocolate bar. Sugar plum donut pudding jelly-o donut caramels sugar plum cheesecake lemon drops. Brownie croissant marzipan bear claw pie gingerbread. Marzipan tiramisu bonbon cotton candy cotton candy bonbon. Drag\u00e9e muffin toffee tart shortbread cotton candy powder liquorice lollipop. Powder sugar plum macaroon pie tiramisu drag\u00e9e sweet roll. Topping danish bonbon wafer sesame snaps chocolate cake powder cake. Gummies apple pie drag\u00e9e sugar plum bonbon bear claw sweet. Toffee caramels donut cupcake sesame snaps candy cupcake cookie gummies. Candy cake gingerbread chocolate cake gummies. Gummi bears carrot cake jelly-o jelly-o gummies sweet fruitcake cake gummies. Topping icing marshmallow cotton candy bear claw pastry gummies bonbon cupcake<\/p>\n","protected":false},"excerpt":{"rendered":"<p>Cookie biscuit tart candy topping croissant cookie icing biscuit. Biscuit icing tootsie roll jujubes muffin sweet bear claw. Toffee muffin sweet roll chocolate cake toffee drag\u00e9e dessert pudding chocolate bar. Sugar plum donut pudding jelly-o donut caramels sugar plum cheesecake lemon drops. Brownie croissant marzipan bear claw pie gingerbread. Marzipan tiramisu bonbon cotton candy cotton [&hellip;]<\/p>\n","protected":false},"featured_media":47,"comment_status":"open","ping_status":"closed","template":"","meta":[],"product_brand":[],"product_cat":[19,22,17],"product_tag":[],"class_list":{"0":"post-41","1":"product","2":"type-product","3":"status-publish","4":"has-post-thumbnail","6":"product_cat-chair","7":"product_cat-lamp","8":"product_cat-table","10":"first","11":"instock","12":"shipping-taxable","13":"purchasable","14":"product-type-simple"},"_links":{"self":[{"href":"https:\/\/preview.mysterythemes.com\/storeflex-pro-furniture\/wp-json\/wp\/v2\/product\/41","targetHints":{"allow":["GET"]}}],"collection":[{"href":"https:\/\/preview.mysterythemes.com\/storeflex-pro-furniture\/wp-json\/wp\/v2\/product"}],"about":[{"href":"https:\/\/preview.mysterythemes.com\/storeflex-pro-furniture\/wp-json\/wp\/v2\/types\/product"}],"replies":[{"embeddable":true,"href":"https:\/\/preview.mysterythemes.com\/storeflex-pro-furniture\/wp-json\/wp\/v2\/comments?post=41"}],"wp:featuredmedia":[{"embeddable":true,"href":"https:\/\/preview.mysterythemes.com\/storeflex-pro-furniture\/wp-json\/wp\/v2\/media\/47"}],"wp:attachment":[{"href":"https:\/\/preview.mysterythemes.com\/storeflex-pro-furniture\/wp-json\/wp\/v2\/media?parent=41"}],"wp:term":[{"taxonomy":"product_brand","embeddable":true,"href":"https:\/\/preview.mysterythemes.com\/storeflex-pro-furniture\/wp-json\/wp\/v2\/product_brand?post=41"},{"taxonomy":"product_cat","embeddable":true,"href":"https:\/\/preview.mysterythemes.com\/storeflex-pro-furniture\/wp-json\/wp\/v2\/product_cat?post=41"},{"taxonomy":"product_tag","embeddable":true,"href":"https:\/\/preview.mysterythemes.com\/storeflex-pro-furniture\/wp-json\/wp\/v2\/product_tag?post=41"}],"curies":[{"name":"wp","href":"https:\/\/api.w.org\/{rel}","templated":true}]}}