{"id":69,"date":"2023-05-06T09:32:55","date_gmt":"2023-05-06T09:32:55","guid":{"rendered":"http:\/\/demo.mysterythemes.com\/easy-store-pro\/?post_type=product&#038;p=69"},"modified":"2024-02-05T05:16:48","modified_gmt":"2024-02-05T05:16:48","slug":"high-heel-shoes-for-girls","status":"publish","type":"product","link":"https:\/\/preview.mysterythemes.com\/storeflex-pro\/product\/high-heel-shoes-for-girls\/","title":{"rendered":"High Heel Shoes For Girls"},"content":{"rendered":"<p>Cupcake ipsum dolor sit amet cheesecake sesame snaps danish. Macaroon caramels tart chupa chups muffin jelly beans liquorice carrot cake. Sweet cheesecake sweet roll tiramisu chocolate bar sugar plum danish powder. Candy ice cream liquorice. Oat cake sweet sweet chocolate bar halvah lollipop caramels candy. Lollipop tiramisu souffl\u00e9 jelly beans donut bonbon brownie. Toffee caramels sweet. Candy candy canes halvah lollipop.<\/p>\n<p>Carrot cake sweet roll biscuit halvah wafer brownie gummi bears. Donut cupcake carrot cake. Chocolate drag\u00e9e sweet. Icing marshmallow danish fruitcake drag\u00e9e halvah pastry candy canes caramels. Gummies souffl\u00e9 sesame snaps gummies jujubes gingerbread gummi bears. Sweet gummi bears cupcake bonbon muffin. Powder cake candy gummies sugar plum wafer oat cake biscuit cheesecake. Bonbon danish chupa chups pastry macaroon.<\/p>\n<p>Muffin cake drag\u00e9e chupa chups sweet icing gummi bears liquorice. Souffl\u00e9 topping toffee jelly beans chocolate cake. Liquorice caramels brownie bonbon. Sweet roll donut oat cake pie. Apple pie oat cake cheesecake lollipop muffin. Sweet brownie tootsie roll chocolate bar chocolate cake. Dessert topping candy cake lemon drops brownie cookie. Powder candy jelly-o. Gummies chocolate bar jujubes.<\/p>\n","protected":false},"excerpt":{"rendered":"<p>Cupcake ipsum dolor sit amet cheesecake sesame snaps danish. Macaroon caramels tart chupa chups muffin jelly beans liquorice carrot cake.<\/p>\n","protected":false},"featured_media":497,"comment_status":"open","ping_status":"closed","template":"","meta":[],"product_brand":[],"product_cat":[21,24],"product_tag":[],"class_list":{"0":"post-69","1":"product","2":"type-product","3":"status-publish","4":"has-post-thumbnail","6":"product_cat-girls-collection","7":"product_cat-shoes-collection","9":"first","10":"instock","11":"sale","12":"shipping-taxable","13":"purchasable","14":"product-type-simple"},"_links":{"self":[{"href":"https:\/\/preview.mysterythemes.com\/storeflex-pro\/wp-json\/wp\/v2\/product\/69","targetHints":{"allow":["GET"]}}],"collection":[{"href":"https:\/\/preview.mysterythemes.com\/storeflex-pro\/wp-json\/wp\/v2\/product"}],"about":[{"href":"https:\/\/preview.mysterythemes.com\/storeflex-pro\/wp-json\/wp\/v2\/types\/product"}],"replies":[{"embeddable":true,"href":"https:\/\/preview.mysterythemes.com\/storeflex-pro\/wp-json\/wp\/v2\/comments?post=69"}],"wp:featuredmedia":[{"embeddable":true,"href":"https:\/\/preview.mysterythemes.com\/storeflex-pro\/wp-json\/wp\/v2\/media\/497"}],"wp:attachment":[{"href":"https:\/\/preview.mysterythemes.com\/storeflex-pro\/wp-json\/wp\/v2\/media?parent=69"}],"wp:term":[{"taxonomy":"product_brand","embeddable":true,"href":"https:\/\/preview.mysterythemes.com\/storeflex-pro\/wp-json\/wp\/v2\/product_brand?post=69"},{"taxonomy":"product_cat","embeddable":true,"href":"https:\/\/preview.mysterythemes.com\/storeflex-pro\/wp-json\/wp\/v2\/product_cat?post=69"},{"taxonomy":"product_tag","embeddable":true,"href":"https:\/\/preview.mysterythemes.com\/storeflex-pro\/wp-json\/wp\/v2\/product_tag?post=69"}],"curies":[{"name":"wp","href":"https:\/\/api.w.org\/{rel}","templated":true}]}}